{"id":2082,"date":"2025-05-13T12:26:00","date_gmt":"2025-05-13T09:26:00","guid":{"rendered":"https:\/\/stripe.name\/4\/?page_id=2082"},"modified":"2025-05-13T12:26:00","modified_gmt":"2025-05-13T09:26:00","slug":"par","status":"publish","type":"page","link":"https:\/\/stripe.name\/4\/par\/","title":{"rendered":"Par"},"content":{"rendered":"\n<p>J\u0101nis cen\u0161as \u0161eit praktiz\u0113t regul\u0101ru, rado\u0161u rakst\u012b\u0161anu, aiz\u0146emta IT profesion\u0101\u013ca ikdien\u0101 iztr\u016bksto\u0161u procesu. Nesan\u0101k.<\/p>\n\n\n\n<p>Mani var atrast ar\u012b soci\u0101lajos t\u012bklos.<\/p>\n\n\n\n<ul class=\"wp-block-social-links is-layout-flex wp-block-social-links-is-layout-flex\"><li class=\"wp-social-link wp-social-link-bluesky  wp-block-social-link\"><a href=\"https:\/\/bsky.app\/profile\/stripe4.bsky.social\" class=\"wp-block-social-link-anchor\"><svg width=\"24\" height=\"24\" viewBox=\"0 0 24 24\" version=\"1.1\" xmlns=\"http:\/\/www.w3.org\/2000\/svg\" aria-hidden=\"true\" focusable=\"false\"><path d=\"M6.3,4.2c2.3,1.7,4.8,5.3,5.7,7.2.9-1.9,3.4-5.4,5.7-7.2,1.7-1.3,4.3-2.2,4.3.9s-.4,5.2-.6,5.9c-.7,2.6-3.3,3.2-5.6,2.8,4,.7,5.1,3,2.9,5.3-5,5.2-6.7-2.8-6.7-2.8,0,0-1.7,8-6.7,2.8-2.2-2.3-1.2-4.6,2.9-5.3-2.3.4-4.9-.3-5.6-2.8-.2-.7-.6-5.3-.6-5.9,0-3.1,2.7-2.1,4.3-.9h0Z\"><\/path><\/svg><span class=\"wp-block-social-link-label screen-reader-text\">Bluesky<\/span><\/a><\/li>\n\n<li class=\"wp-social-link wp-social-link-facebook  wp-block-social-link\"><a href=\"https:\/\/www.facebook.com\/stripe4\" class=\"wp-block-social-link-anchor\"><svg width=\"24\" height=\"24\" viewBox=\"0 0 24 24\" version=\"1.1\" xmlns=\"http:\/\/www.w3.org\/2000\/svg\" aria-hidden=\"true\" focusable=\"false\"><path d=\"M12 2C6.5 2 2 6.5 2 12c0 5 3.7 9.1 8.4 9.9v-7H7.9V12h2.5V9.8c0-2.5 1.5-3.9 3.8-3.9 1.1 0 2.2.2 2.2.2v2.5h-1.3c-1.2 0-1.6.8-1.6 1.6V12h2.8l-.4 2.9h-2.3v7C18.3 21.1 22 17 22 12c0-5.5-4.5-10-10-10z\"><\/path><\/svg><span class=\"wp-block-social-link-label screen-reader-text\">Facebook<\/span><\/a><\/li>\n\n<li class=\"wp-social-link wp-social-link-instagram  wp-block-social-link\"><a href=\"https:\/\/www.instagram.com\/stripe4\/\" class=\"wp-block-social-link-anchor\"><svg width=\"24\" height=\"24\" viewBox=\"0 0 24 24\" version=\"1.1\" xmlns=\"http:\/\/www.w3.org\/2000\/svg\" aria-hidden=\"true\" focusable=\"false\"><path d=\"M12,4.622c2.403,0,2.688,0.009,3.637,0.052c0.877,0.04,1.354,0.187,1.671,0.31c0.42,0.163,0.72,0.358,1.035,0.673 c0.315,0.315,0.51,0.615,0.673,1.035c0.123,0.317,0.27,0.794,0.31,1.671c0.043,0.949,0.052,1.234,0.052,3.637 s-0.009,2.688-0.052,3.637c-0.04,0.877-0.187,1.354-0.31,1.671c-0.163,0.42-0.358,0.72-0.673,1.035 c-0.315,0.315-0.615,0.51-1.035,0.673c-0.317,0.123-0.794,0.27-1.671,0.31c-0.949,0.043-1.233,0.052-3.637,0.052 s-2.688-0.009-3.637-0.052c-0.877-0.04-1.354-0.187-1.671-0.31c-0.42-0.163-0.72-0.358-1.035-0.673 c-0.315-0.315-0.51-0.615-0.673-1.035c-0.123-0.317-0.27-0.794-0.31-1.671C4.631,14.688,4.622,14.403,4.622,12 s0.009-2.688,0.052-3.637c0.04-0.877,0.187-1.354,0.31-1.671c0.163-0.42,0.358-0.72,0.673-1.035 c0.315-0.315,0.615-0.51,1.035-0.673c0.317-0.123,0.794-0.27,1.671-0.31C9.312,4.631,9.597,4.622,12,4.622 M12,3 C9.556,3,9.249,3.01,8.289,3.054C7.331,3.098,6.677,3.25,6.105,3.472C5.513,3.702,5.011,4.01,4.511,4.511 c-0.5,0.5-0.808,1.002-1.038,1.594C3.25,6.677,3.098,7.331,3.054,8.289C3.01,9.249,3,9.556,3,12c0,2.444,0.01,2.751,0.054,3.711 c0.044,0.958,0.196,1.612,0.418,2.185c0.23,0.592,0.538,1.094,1.038,1.594c0.5,0.5,1.002,0.808,1.594,1.038 c0.572,0.222,1.227,0.375,2.185,0.418C9.249,20.99,9.556,21,12,21s2.751-0.01,3.711-0.054c0.958-0.044,1.612-0.196,2.185-0.418 c0.592-0.23,1.094-0.538,1.594-1.038c0.5-0.5,0.808-1.002,1.038-1.594c0.222-0.572,0.375-1.227,0.418-2.185 C20.99,14.751,21,14.444,21,12s-0.01-2.751-0.054-3.711c-0.044-0.958-0.196-1.612-0.418-2.185c-0.23-0.592-0.538-1.094-1.038-1.594 c-0.5-0.5-1.002-0.808-1.594-1.038c-0.572-0.222-1.227-0.375-2.185-0.418C14.751,3.01,14.444,3,12,3L12,3z M12,7.378 c-2.552,0-4.622,2.069-4.622,4.622S9.448,16.622,12,16.622s4.622-2.069,4.622-4.622S14.552,7.378,12,7.378z M12,15 c-1.657,0-3-1.343-3-3s1.343-3,3-3s3,1.343,3,3S13.657,15,12,15z M16.804,6.116c-0.596,0-1.08,0.484-1.08,1.08 s0.484,1.08,1.08,1.08c0.596,0,1.08-0.484,1.08-1.08S17.401,6.116,16.804,6.116z\"><\/path><\/svg><span class=\"wp-block-social-link-label screen-reader-text\">Instagram<\/span><\/a><\/li>\n\n<li class=\"wp-social-link wp-social-link-lastfm  wp-block-social-link\"><a href=\"https:\/\/www.last.fm\/user\/stripe4\" class=\"wp-block-social-link-anchor\"><svg width=\"24\" height=\"24\" viewBox=\"0 0 24 24\" version=\"1.1\" xmlns=\"http:\/\/www.w3.org\/2000\/svg\" aria-hidden=\"true\" focusable=\"false\"><path d=\"M10.5002,0 C4.7006,0 0,4.70109753 0,10.4998496 C0,16.2989526 4.7006,21 10.5002,21 C16.299,21 21,16.2989526 21,10.4998496 C21,4.70109753 16.299,0 10.5002,0 Z M14.69735,14.7204413 C13.3164,14.7151781 12.4346,14.0870017 11.83445,12.6859357 L11.6816001,12.3451305 L10.35405,9.31011397 C9.92709997,8.26875064 8.85260001,7.57120012 7.68010001,7.57120012 C6.06945001,7.57120012 4.75925001,8.88509738 4.75925001,10.5009524 C4.75925001,12.1164565 6.06945001,13.4303036 7.68010001,13.4303036 C8.77200001,13.4303036 9.76514999,12.827541 10.2719501,11.8567047 C10.2893,11.8235214 10.3239,11.8019673 10.36305,11.8038219 C10.4007,11.8053759 10.43535,11.8287847 10.4504,11.8631709 L10.98655,13.1045863 C11.0016,13.1389726 10.9956,13.17782 10.97225,13.2068931 C10.1605001,14.1995341 8.96020001,14.7683115 7.68010001,14.7683115 C5.33305,14.7683115 3.42340001,12.8535563 3.42340001,10.5009524 C3.42340001,8.14679459 5.33300001,6.23203946 7.68010001,6.23203946 C9.45720002,6.23203946 10.8909,7.19074535 11.6138,8.86359341 C11.6205501,8.88018505 12.3412,10.5707777 12.97445,12.0190621 C13.34865,12.8739575 13.64615,13.3959676 14.6288,13.4291508 C15.5663001,13.4612814 16.25375,12.9121534 16.25375,12.1484869 C16.25375,11.4691321 15.8320501,11.3003585 14.8803,10.98216 C13.2365,10.4397989 12.34495,9.88605929 12.34495,8.51817658 C12.34495,7.1809207 13.26665,6.31615054 14.692,6.31615054 C15.62875,6.31615054 16.3155,6.7286858 16.79215,7.5768142 C16.80495,7.60062396 16.8079001,7.62814302 16.8004001,7.65420843 C16.7929,7.68027384 16.7748,7.70212868 16.7507001,7.713808 L15.86145,8.16900031 C15.8178001,8.19200805 15.7643,8.17807308 15.73565,8.13847371 C15.43295,7.71345711 15.0956,7.52513451 14.6423,7.52513451 C14.05125,7.52513451 13.6220001,7.92899802 13.6220001,8.48649708 C13.6220001,9.17382194 14.1529001,9.34144259 15.0339,9.61923972 C15.14915,9.65578139 15.26955,9.69397731 15.39385,9.73432853 C16.7763,10.1865133 17.57675,10.7311301 17.57675,12.1836251 C17.57685,13.629654 16.3389,14.7204413 14.69735,14.7204413 Z\"><\/path><\/svg><span class=\"wp-block-social-link-label screen-reader-text\">Last.fm<\/span><\/a><\/li>\n\n<li class=\"wp-social-link wp-social-link-linkedin  wp-block-social-link\"><a href=\"https:\/\/www.linkedin.com\/in\/janispurins\/\" class=\"wp-block-social-link-anchor\"><svg width=\"24\" height=\"24\" viewBox=\"0 0 24 24\" version=\"1.1\" xmlns=\"http:\/\/www.w3.org\/2000\/svg\" aria-hidden=\"true\" focusable=\"false\"><path d=\"M19.7,3H4.3C3.582,3,3,3.582,3,4.3v15.4C3,20.418,3.582,21,4.3,21h15.4c0.718,0,1.3-0.582,1.3-1.3V4.3 C21,3.582,20.418,3,19.7,3z M8.339,18.338H5.667v-8.59h2.672V18.338z M7.004,8.574c-0.857,0-1.549-0.694-1.549-1.548 c0-0.855,0.691-1.548,1.549-1.548c0.854,0,1.547,0.694,1.547,1.548C8.551,7.881,7.858,8.574,7.004,8.574z M18.339,18.338h-2.669 v-4.177c0-0.996-0.017-2.278-1.387-2.278c-1.389,0-1.601,1.086-1.601,2.206v4.249h-2.667v-8.59h2.559v1.174h0.037 c0.356-0.675,1.227-1.387,2.526-1.387c2.703,0,3.203,1.779,3.203,4.092V18.338z\"><\/path><\/svg><span class=\"wp-block-social-link-label screen-reader-text\">LinkedIn<\/span><\/a><\/li><\/ul>\n\n\n\n<p><\/p>\n","protected":false},"excerpt":{"rendered":"<p>J\u0101nis cen\u0161as \u0161eit praktiz\u0113t regul\u0101ru, rado\u0161u rakst\u012b\u0161anu, aiz\u0146emta IT profesion\u0101\u013ca ikdien\u0101 iztr\u016bksto\u0161u procesu. Nesan\u0101k. Mani var atrast ar\u012b soci\u0101lajos t\u012bklos.<\/p>\n","protected":false},"author":1,"featured_media":0,"parent":0,"menu_order":0,"comment_status":"closed","ping_status":"closed","template":"","meta":{"footnotes":""},"class_list":["post-2082","page","type-page","status-publish","hentry"],"_links":{"self":[{"href":"https:\/\/stripe.name\/4\/wp-json\/wp\/v2\/pages\/2082","targetHints":{"allow":["GET"]}}],"collection":[{"href":"https:\/\/stripe.name\/4\/wp-json\/wp\/v2\/pages"}],"about":[{"href":"https:\/\/stripe.name\/4\/wp-json\/wp\/v2\/types\/page"}],"author":[{"embeddable":true,"href":"https:\/\/stripe.name\/4\/wp-json\/wp\/v2\/users\/1"}],"replies":[{"embeddable":true,"href":"https:\/\/stripe.name\/4\/wp-json\/wp\/v2\/comments?post=2082"}],"version-history":[{"count":1,"href":"https:\/\/stripe.name\/4\/wp-json\/wp\/v2\/pages\/2082\/revisions"}],"predecessor-version":[{"id":2083,"href":"https:\/\/stripe.name\/4\/wp-json\/wp\/v2\/pages\/2082\/revisions\/2083"}],"wp:attachment":[{"href":"https:\/\/stripe.name\/4\/wp-json\/wp\/v2\/media?parent=2082"}],"curies":[{"name":"wp","href":"https:\/\/api.w.org\/{rel}","templated":true}]}}